{"id":1385,"date":"2025-02-26T11:06:47","date_gmt":"2025-02-26T14:06:47","guid":{"rendered":"https:\/\/smartdisplay.com.ar\/catalogo\/?page_id=1385"},"modified":"2026-02-06T11:21:03","modified_gmt":"2026-02-06T14:21:03","slug":"crear-cuenta","status":"publish","type":"page","link":"https:\/\/smartdisplay.com.ar\/pumaenergy\/crear-cuenta\/","title":{"rendered":"Crear Cuenta"},"content":{"rendered":"\t\t<div data-elementor-type=\"wp-page\" data-elementor-id=\"1385\" class=\"elementor elementor-1385\" data-elementor-post-type=\"page\">\n\t\t\t\t<div class=\"elementor-element elementor-element-57b09855 e-con-full e-flex e-con e-parent\" data-id=\"57b09855\" data-element_type=\"container\" data-e-type=\"container\" data-settings=\"{&quot;background_background&quot;:&quot;classic&quot;}\">\n\t\t<div class=\"elementor-element elementor-element-6a88377f e-con-full e-flex e-con e-child\" data-id=\"6a88377f\" data-element_type=\"container\" data-e-type=\"container\" data-settings=\"{&quot;background_background&quot;:&quot;classic&quot;}\">\n\t\t\t\t<div class=\"elementor-element elementor-element-11ad0fa4 elementor-widget-mobile__width-inherit elementor-widget elementor-widget-image\" data-id=\"11ad0fa4\" data-element_type=\"widget\" data-e-type=\"widget\" data-widget_type=\"image.default\">\n\t\t\t\t<div class=\"elementor-widget-container\">\n\t\t\t\t\t\t\t\t\t\t\t\t\t\t\t<img fetchpriority=\"high\" decoding=\"async\" width=\"684\" height=\"99\" src=\"https:\/\/smartdisplay.com.ar\/pumaenergy\/wp-content\/uploads\/2026\/01\/smart_display_logo-1.png\" class=\"attachment-large size-large wp-image-11530\" alt=\"\" srcset=\"https:\/\/smartdisplay.com.ar\/pumaenergy\/wp-content\/uploads\/2026\/01\/smart_display_logo-1.png 684w, https:\/\/smartdisplay.com.ar\/pumaenergy\/wp-content\/uploads\/2026\/01\/smart_display_logo-1-300x43.png 300w, https:\/\/smartdisplay.com.ar\/pumaenergy\/wp-content\/uploads\/2026\/01\/smart_display_logo-1-18x3.png 18w, https:\/\/smartdisplay.com.ar\/pumaenergy\/wp-content\/uploads\/2026\/01\/smart_display_logo-1-600x87.png 600w\" sizes=\"(max-width: 684px) 100vw, 684px\" \/>\t\t\t\t\t\t\t\t\t\t\t\t\t\t\t<\/div>\n\t\t\t\t<\/div>\n\t\t\t\t<div class=\"elementor-element elementor-element-5ea7219a elementor-widget-mobile__width-inherit elementor-widget elementor-widget-heading\" data-id=\"5ea7219a\" data-element_type=\"widget\" data-e-type=\"widget\" data-widget_type=\"heading.default\">\n\t\t\t\t<div class=\"elementor-widget-container\">\n\t\t\t\t\t<h2 class=\"elementor-heading-title elementor-size-default\">Crea tu cuenta<\/h2>\t\t\t\t<\/div>\n\t\t\t\t<\/div>\n\t\t\t\t<div class=\"elementor-element elementor-element-73cf6edf elementor-widget-mobile__width-inherit elementor-widget elementor-widget-text-editor\" data-id=\"73cf6edf\" data-element_type=\"widget\" data-e-type=\"widget\" data-widget_type=\"text-editor.default\">\n\t\t\t\t<div class=\"elementor-widget-container\">\n\t\t\t\t\t\t\t\t\t<p>Es un gusto darte la bienvenida.<\/p>\t\t\t\t\t\t\t\t<\/div>\n\t\t\t\t<\/div>\n\t\t\t\t<div class=\"elementor-element elementor-element-4d8eded elementor-widget-mobile__width-inherit elementor-widget elementor-widget-wppb-register\" data-id=\"4d8eded\" data-element_type=\"widget\" data-e-type=\"widget\" data-widget_type=\"wppb-register.default\">\n\t\t\t\t<div class=\"elementor-widget-container\">\n\t\t\t\t\t<div class=\"wppb-register-form-widget\"><div id=\"wppb-form-style-1-wrapper\" class=\"wppb-register-account-form\">        <form enctype=\"multipart\/form-data\" method=\"post\" id=\"wppb-register-user\" class=\"wppb-user-forms wppb-register-user wppb-user-logged-out\" action=\"https:\/\/smartdisplay.com.ar\/pumaenergy\/wp-json\/wp\/v2\/pages\/1385\">\n\t\t\t<ul><li class=\"wppb-form-field wppb-default-name-heading\" id=\"wppb-form-element-1\"><h4>Perfil<\/h4><span class=\"wppb-description-delimiter \"><\/span><\/li><li class=\"wppb-form-field wppb-avatar label-outside\" id=\"wppb-form-element-14\"><label for=\"custom_field_1\">Foto de Perfil<\/label><a href=\"#\" class=\"button wppb_upload_button\" id=\"upload_custom_field_1_button\"  data-uploader_title=\"Foto de Perfil\" data-uploader_button_text=\"Select File\" data-upload_mn=\"custom_field_1\" data-upload_input=\"custom_field_1\" data-multiple_upload=\"false\">Upload <\/a><input id=\"custom_field_1\" type=\"hidden\" size=\"36\" name=\"custom_field_1\" value=\"\"\/><\/li><li class=\"wppb-form-field wppb-default-first-name wppb-form-text-field label-outside\" id=\"wppb-form-element-3\">\n\t\t\t<label for=\"first_name\">Primer Nombre<\/label>\n\t\t\t<input class=\"text-input default_field_firstname \" name=\"first_name\" maxlength=\"70\" type=\"text\" id=\"first_name\" value=\"\"  \/><\/li><li class=\"wppb-form-field wppb-default-last-name wppb-form-text-field label-outside\" id=\"wppb-form-element-4\">\n\t\t\t<label for=\"last_name\">Apellido<\/label>\n\t\t\t<input class=\"text-input default_field_lastname \" name=\"last_name\" maxlength=\"70\" type=\"text\" id=\"last_name\" value=\"\" \/><\/li><li class=\"wppb-form-field wppb-default-display-name-publicly-as wppb-form-select-field label-outside\" id=\"wppb-form-element-6\"><\/li><li class=\"wppb-form-field wppb-default-contact-info-heading\" id=\"wppb-form-element-7\"><h4>Informaci\u00f3n de Contacto<\/h4><span class=\"wppb-description-delimiter \"><\/span><\/li><li class=\"wppb-form-field wppb-default-e-mail wppb-form-text-field label-outside\" id=\"wppb-form-element-8\">\n\t\t\t<label for=\"email\">E-mail<span class=\"wppb-required\" title=\"This field is required\">*<\/span><\/label>\n\t\t\t<input class=\"text-input default_field_email \" name=\"email\" maxlength=\"70\" type=\"email\" id=\"email\" value=\"\"   \/><\/li><li class=\"wppb-form-field wppb-default-about-yourself-heading\" id=\"wppb-form-element-10\"><h4>Informaci\u00f3n Adicional<\/h4><span class=\"wppb-description-delimiter \"><\/span><\/li><li class=\"wppb-form-field wppb-default-password wppb-form-text-field label-outside\" id=\"wppb-form-element-12\">\n\t\t\t<label for=\"passw1\">Contrase\u00f1a<span class=\"wppb-required\" title=\"This field is required\">*<\/span><\/label>\n            <span class=\"wppb-password-field-container\">\n\t\t\t    <input class=\"text-input \" name=\"passw1\" maxlength=\"70\" type=\"password\" id=\"passw1\" value=\"\" autocomplete=\"off\" \/>\n\t\t\t    \n            <button type=\"button\" class=\"wppb-toggle-pw wppb-show-pw hide-if-no-js\" data-toggle=\"0\" aria-label=\"Show password\" tabindex=\"-1\">\n                <img decoding=\"async\" src=\"https:\/\/smartdisplay.com.ar\/pumaenergy\/wp-content\/plugins\/profile-builder\/\/assets\/images\/eye-outline.svg\" title=\"Show password\" width=\"20px\" height=\"20px\" \/>\n            <\/button> <!-- add the HTML for the visibility toggle -->\n\t\t\t<\/span><span class=\"wppb-description-delimiter\">Minimum length of 8 characters. <\/span><\/li><li class=\"wppb-form-field wppb-default-repeat-password wppb-form-text-field label-outside\" id=\"wppb-form-element-13\">\n\t\t\t<label for=\"passw2\">Repetir Contrase\u00f1a<span class=\"wppb-required\" title=\"This field is required\">*<\/span><\/label>\n\t\t\t<span class=\"wppb-password-field-container\">\n\t\t\t    <input class=\"text-input \" name=\"passw2\" maxlength=\"70\" type=\"password\" id=\"passw2\" value=\"\" autocomplete=\"off\" \/>\n\t\t\t    \n            <button type=\"button\" class=\"wppb-toggle-pw wppb-show-pw hide-if-no-js\" data-toggle=\"0\" aria-label=\"Show password\" tabindex=\"-1\">\n                <img decoding=\"async\" src=\"https:\/\/smartdisplay.com.ar\/pumaenergy\/wp-content\/plugins\/profile-builder\/\/assets\/images\/eye-outline.svg\" title=\"Show password\" width=\"20px\" height=\"20px\" \/>\n            <\/button> <!-- add the HTML for the visibility toggle -->\n\t\t\t<\/span><\/li><\/ul><ul><\/ul>\t\t\t<p class=\"form-submit\"  >\n\t\t\t\t                \t\t\t\t<input name=\"register\" type=\"submit\" id=\"register\" class=\"submit button\" value=\"Register\" \/>\n                <input name=\"redirect_to\" type=\"hidden\" value=\"https:\/\/smartdisplay.com.ar\/pumaenergy\/\" \/>\n                \t\t\t\t<input name=\"action\" type=\"hidden\" id=\"action\" value=\"register\" \/>\n\t\t\t\t<input name=\"form_name\" type=\"hidden\" id=\"form_name\" value=\"unspecified\" \/>\n\t\t\t\t<input name=\"form_id\" type=\"hidden\" id=\"form_id\" value=\"\" \/>\n\t\t\t\t<input type=\"hidden\" name=\"wppb_referer_url\" value=\"\"\/>\t\t\t<\/p><!-- .form-submit -->\n\t\t\t<input type=\"hidden\" id=\"register_unspecified_nonce_field\" name=\"register_unspecified_nonce_field\" value=\"428730aefc\" \/><input type=\"hidden\" name=\"_wp_http_referer\" value=\"\/pumaenergy\/wp-json\/wp\/v2\/pages\/1385\" \/>\t\t<\/form>\n\t\t<\/div><\/div>\t\t\t\t<\/div>\n\t\t\t\t<\/div>\n\t\t\t\t<div class=\"elementor-element elementor-element-443b02a2 elementor-widget elementor-widget-text-editor\" data-id=\"443b02a2\" data-element_type=\"widget\" data-e-type=\"widget\" data-widget_type=\"text-editor.default\">\n\t\t\t\t<div class=\"elementor-widget-container\">\n\t\t\t\t\t\t\t\t\t<p>\u00bfYa tenes una cuenta? <span style=\"color: #47b6ad;\"><a style=\"color: #47b6ad;\" href=\"https:\/\/smartdisplay.com.ar\/pumaenergy\/?page_id=9\">Inicia Sesion<\/a><\/span><\/p>\t\t\t\t\t\t\t\t<\/div>\n\t\t\t\t<\/div>\n\t\t\t\t<\/div>\n\t\t<div class=\"elementor-element elementor-element-8aa1428 e-con-full elementor-hidden-mobile e-flex e-con e-child\" data-id=\"8aa1428\" data-element_type=\"container\" data-e-type=\"container\" data-settings=\"{&quot;background_background&quot;:&quot;classic&quot;}\">\n\t\t<div class=\"elementor-element elementor-element-4e91a903 e-grid e-con-full e-con e-child\" data-id=\"4e91a903\" data-element_type=\"container\" data-e-type=\"container\">\n\t\t<div class=\"elementor-element elementor-element-2f22406a e-con-full e-flex e-con e-child\" data-id=\"2f22406a\" data-element_type=\"container\" data-e-type=\"container\" data-settings=\"{&quot;background_background&quot;:&quot;classic&quot;}\">\n\t\t\t\t<div class=\"elementor-element elementor-element-6cabd0c2 elementor-widget__width-inherit elementor-view-default elementor-widget elementor-widget-icon\" data-id=\"6cabd0c2\" data-element_type=\"widget\" data-e-type=\"widget\" data-widget_type=\"icon.default\">\n\t\t\t\t<div class=\"elementor-widget-container\">\n\t\t\t\t\t\t\t<div class=\"elementor-icon-wrapper\">\n\t\t\t<div class=\"elementor-icon\">\n\t\t\t<svg aria-hidden=\"true\" class=\"e-font-icon-svg e-fas-photo-video\" viewBox=\"0 0 640 512\" xmlns=\"http:\/\/www.w3.org\/2000\/svg\"><path d=\"M608 0H160a32 32 0 0 0-32 32v96h160V64h192v320h128a32 32 0 0 0 32-32V32a32 32 0 0 0-32-32zM232 103a9 9 0 0 1-9 9h-30a9 9 0 0 1-9-9V73a9 9 0 0 1 9-9h30a9 9 0 0 1 9 9zm352 208a9 9 0 0 1-9 9h-30a9 9 0 0 1-9-9v-30a9 9 0 0 1 9-9h30a9 9 0 0 1 9 9zm0-104a9 9 0 0 1-9 9h-30a9 9 0 0 1-9-9v-30a9 9 0 0 1 9-9h30a9 9 0 0 1 9 9zm0-104a9 9 0 0 1-9 9h-30a9 9 0 0 1-9-9V73a9 9 0 0 1 9-9h30a9 9 0 0 1 9 9zm-168 57H32a32 32 0 0 0-32 32v288a32 32 0 0 0 32 32h384a32 32 0 0 0 32-32V192a32 32 0 0 0-32-32zM96 224a32 32 0 1 1-32 32 32 32 0 0 1 32-32zm288 224H64v-32l64-64 32 32 128-128 96 96z\"><\/path><\/svg>\t\t\t<\/div>\n\t\t<\/div>\n\t\t\t\t\t\t<\/div>\n\t\t\t\t<\/div>\n\t\t\t\t<div class=\"elementor-element elementor-element-52f54088 elementor-widget__width-inherit elementor-widget elementor-widget-counter\" data-id=\"52f54088\" data-element_type=\"widget\" data-e-type=\"widget\" data-widget_type=\"counter.default\">\n\t\t\t\t<div class=\"elementor-widget-container\">\n\t\t\t\t\t\t\t<div class=\"elementor-counter\">\n\t\t\t<div class=\"elementor-counter-title\">Piezas Profesionales<\/div>\t\t\t<div class=\"elementor-counter-number-wrapper\">\n\t\t\t\t<span class=\"elementor-counter-number-prefix\">+<\/span>\n\t\t\t\t<span class=\"elementor-counter-number\" data-duration=\"2000\" data-to-value=\"5000\" data-from-value=\"0\" data-delimiter=\".\">0<\/span>\n\t\t\t\t<span class=\"elementor-counter-number-suffix\"><\/span>\n\t\t\t<\/div>\n\t\t<\/div>\n\t\t\t\t\t\t<\/div>\n\t\t\t\t<\/div>\n\t\t\t\t<\/div>\n\t\t<div class=\"elementor-element elementor-element-5d8f527b e-con-full e-flex e-con e-child\" data-id=\"5d8f527b\" data-element_type=\"container\" data-e-type=\"container\" data-settings=\"{&quot;background_background&quot;:&quot;classic&quot;}\">\n\t\t\t\t<div class=\"elementor-element elementor-element-1870a5f0 elementor-widget__width-inherit elementor-view-default elementor-widget elementor-widget-icon\" data-id=\"1870a5f0\" data-element_type=\"widget\" data-e-type=\"widget\" data-widget_type=\"icon.default\">\n\t\t\t\t<div class=\"elementor-widget-container\">\n\t\t\t\t\t\t\t<div class=\"elementor-icon-wrapper\">\n\t\t\t<div class=\"elementor-icon\">\n\t\t\t<svg aria-hidden=\"true\" class=\"e-font-icon-svg e-fas-tv\" viewBox=\"0 0 640 512\" xmlns=\"http:\/\/www.w3.org\/2000\/svg\"><path d=\"M592 0H48A48 48 0 0 0 0 48v320a48 48 0 0 0 48 48h240v32H112a16 16 0 0 0-16 16v32a16 16 0 0 0 16 16h416a16 16 0 0 0 16-16v-32a16 16 0 0 0-16-16H352v-32h240a48 48 0 0 0 48-48V48a48 48 0 0 0-48-48zm-16 352H64V64h512z\"><\/path><\/svg>\t\t\t<\/div>\n\t\t<\/div>\n\t\t\t\t\t\t<\/div>\n\t\t\t\t<\/div>\n\t\t\t\t<div class=\"elementor-element elementor-element-23388482 elementor-widget__width-inherit elementor-widget elementor-widget-counter\" data-id=\"23388482\" data-element_type=\"widget\" data-e-type=\"widget\" data-widget_type=\"counter.default\">\n\t\t\t\t<div class=\"elementor-widget-container\">\n\t\t\t\t\t\t\t<div class=\"elementor-counter\">\n\t\t\t<div class=\"elementor-counter-title\">Pantallas Gestionadas<\/div>\t\t\t<div class=\"elementor-counter-number-wrapper\">\n\t\t\t\t<span class=\"elementor-counter-number-prefix\">+<\/span>\n\t\t\t\t<span class=\"elementor-counter-number\" data-duration=\"2000\" data-to-value=\"500\" data-from-value=\"0\" data-delimiter=\".\">0<\/span>\n\t\t\t\t<span class=\"elementor-counter-number-suffix\"><\/span>\n\t\t\t<\/div>\n\t\t<\/div>\n\t\t\t\t\t\t<\/div>\n\t\t\t\t<\/div>\n\t\t\t\t<\/div>\n\t\t<div class=\"elementor-element elementor-element-e5e8a38 e-con-full e-flex e-con e-child\" data-id=\"e5e8a38\" data-element_type=\"container\" data-e-type=\"container\" data-settings=\"{&quot;background_background&quot;:&quot;classic&quot;}\">\n\t\t\t\t<div class=\"elementor-element elementor-element-7c5d961f elementor-widget__width-inherit elementor-view-default elementor-widget elementor-widget-icon\" data-id=\"7c5d961f\" data-element_type=\"widget\" data-e-type=\"widget\" data-widget_type=\"icon.default\">\n\t\t\t\t<div class=\"elementor-widget-container\">\n\t\t\t\t\t\t\t<div class=\"elementor-icon-wrapper\">\n\t\t\t<div class=\"elementor-icon\">\n\t\t\t<svg aria-hidden=\"true\" class=\"e-font-icon-svg e-far-user\" viewBox=\"0 0 448 512\" xmlns=\"http:\/\/www.w3.org\/2000\/svg\"><path d=\"M313.6 304c-28.7 0-42.5 16-89.6 16-47.1 0-60.8-16-89.6-16C60.2 304 0 364.2 0 438.4V464c0 26.5 21.5 48 48 48h352c26.5 0 48-21.5 48-48v-25.6c0-74.2-60.2-134.4-134.4-134.4zM400 464H48v-25.6c0-47.6 38.8-86.4 86.4-86.4 14.6 0 38.3 16 89.6 16 51.7 0 74.9-16 89.6-16 47.6 0 86.4 38.8 86.4 86.4V464zM224 288c79.5 0 144-64.5 144-144S303.5 0 224 0 80 64.5 80 144s64.5 144 144 144zm0-240c52.9 0 96 43.1 96 96s-43.1 96-96 96-96-43.1-96-96 43.1-96 96-96z\"><\/path><\/svg>\t\t\t<\/div>\n\t\t<\/div>\n\t\t\t\t\t\t<\/div>\n\t\t\t\t<\/div>\n\t\t\t\t<div class=\"elementor-element elementor-element-7f433af9 elementor-widget__width-inherit elementor-widget elementor-widget-counter\" data-id=\"7f433af9\" data-element_type=\"widget\" data-e-type=\"widget\" data-widget_type=\"counter.default\">\n\t\t\t\t<div class=\"elementor-widget-container\">\n\t\t\t\t\t\t\t<div class=\"elementor-counter\">\n\t\t\t<div class=\"elementor-counter-title\">Clientes Satisfechos<\/div>\t\t\t<div class=\"elementor-counter-number-wrapper\">\n\t\t\t\t<span class=\"elementor-counter-number-prefix\">+<\/span>\n\t\t\t\t<span class=\"elementor-counter-number\" data-duration=\"2000\" data-to-value=\"100\" data-from-value=\"0\" data-delimiter=\".\">0<\/span>\n\t\t\t\t<span class=\"elementor-counter-number-suffix\"><\/span>\n\t\t\t<\/div>\n\t\t<\/div>\n\t\t\t\t\t\t<\/div>\n\t\t\t\t<\/div>\n\t\t\t\t<\/div>\n\t\t<div class=\"elementor-element elementor-element-fd8c6e7 e-con-full e-flex e-con e-child\" data-id=\"fd8c6e7\" data-element_type=\"container\" data-e-type=\"container\" data-settings=\"{&quot;background_background&quot;:&quot;classic&quot;}\">\n\t\t\t\t<div class=\"elementor-element elementor-element-6f47c60e elementor-widget__width-inherit elementor-view-default elementor-widget elementor-widget-icon\" data-id=\"6f47c60e\" data-element_type=\"widget\" data-e-type=\"widget\" data-widget_type=\"icon.default\">\n\t\t\t\t<div class=\"elementor-widget-container\">\n\t\t\t\t\t\t\t<div class=\"elementor-icon-wrapper\">\n\t\t\t<div class=\"elementor-icon\">\n\t\t\t<svg aria-hidden=\"true\" class=\"e-font-icon-svg e-far-user\" viewBox=\"0 0 448 512\" xmlns=\"http:\/\/www.w3.org\/2000\/svg\"><path d=\"M313.6 304c-28.7 0-42.5 16-89.6 16-47.1 0-60.8-16-89.6-16C60.2 304 0 364.2 0 438.4V464c0 26.5 21.5 48 48 48h352c26.5 0 48-21.5 48-48v-25.6c0-74.2-60.2-134.4-134.4-134.4zM400 464H48v-25.6c0-47.6 38.8-86.4 86.4-86.4 14.6 0 38.3 16 89.6 16 51.7 0 74.9-16 89.6-16 47.6 0 86.4 38.8 86.4 86.4V464zM224 288c79.5 0 144-64.5 144-144S303.5 0 224 0 80 64.5 80 144s64.5 144 144 144zm0-240c52.9 0 96 43.1 96 96s-43.1 96-96 96-96-43.1-96-96 43.1-96 96-96z\"><\/path><\/svg>\t\t\t<\/div>\n\t\t<\/div>\n\t\t\t\t\t\t<\/div>\n\t\t\t\t<\/div>\n\t\t\t\t<div class=\"elementor-element elementor-element-6f299377 elementor-widget__width-inherit elementor-widget elementor-widget-counter\" data-id=\"6f299377\" data-element_type=\"widget\" data-e-type=\"widget\" data-widget_type=\"counter.default\">\n\t\t\t\t<div class=\"elementor-widget-container\">\n\t\t\t\t\t\t\t<div class=\"elementor-counter\">\n\t\t\t<div class=\"elementor-counter-title\">A\u00f1os en market Retail<\/div>\t\t\t<div class=\"elementor-counter-number-wrapper\">\n\t\t\t\t<span class=\"elementor-counter-number-prefix\">+<\/span>\n\t\t\t\t<span class=\"elementor-counter-number\" data-duration=\"2000\" data-to-value=\"10\" data-from-value=\"0\" data-delimiter=\".\">0<\/span>\n\t\t\t\t<span class=\"elementor-counter-number-suffix\"><\/span>\n\t\t\t<\/div>\n\t\t<\/div>\n\t\t\t\t\t\t<\/div>\n\t\t\t\t<\/div>\n\t\t\t\t<\/div>\n\t\t\t\t<\/div>\n\t\t\t\t<div class=\"elementor-element elementor-element-8ca0cf2 elementor-widget elementor-widget-heading\" data-id=\"8ca0cf2\" data-element_type=\"widget\" data-e-type=\"widget\" data-widget_type=\"heading.default\">\n\t\t\t\t<div class=\"elementor-widget-container\">\n\t\t\t\t\t<h5 class=\"elementor-heading-title elementor-size-default\">Gestion\u00e1 tu <span>contenido<\/span> desde un solo lugar<\/h5>\t\t\t\t<\/div>\n\t\t\t\t<\/div>\n\t\t\t\t<div class=\"elementor-element elementor-element-3c304f64 elementor-widget__width-inherit elementor-widget elementor-widget-text-editor\" data-id=\"3c304f64\" data-element_type=\"widget\" data-e-type=\"widget\" data-widget_type=\"text-editor.default\">\n\t\t\t\t<div class=\"elementor-widget-container\">\n\t\t\t\t\t\t\t\t\t<p>Gestion\u00e1 tus altas, modificaciones y bajas de contenidos en unos pocos pasos y desde un solo lugar.<\/p>\t\t\t\t\t\t\t\t<\/div>\n\t\t\t\t<\/div>\n\t\t\t\t<\/div>\n\t\t\t\t<\/div>\n\t\t\t\t<\/div>\n\t\t","protected":false},"excerpt":{"rendered":"<p>Crea tu cuenta Es un gusto darte la bienvenida. Perfil Foto de PerfilUpload Primer Nombre Apellido Informaci\u00f3n de Contacto E-mail* Informaci\u00f3n Adicional Contrase\u00f1a* Minimum length of 8 characters. Repetir Contrase\u00f1a* \u00bfYa tenes una cuenta? Inicia Sesion Piezas Profesionales + 0 Pantallas Gestionadas + 0 Clientes Satisfechos + 0 A\u00f1os en market Retail + 0 Gestion\u00e1 [&hellip;]<\/p>\n","protected":false},"author":1,"featured_media":0,"parent":0,"menu_order":0,"comment_status":"closed","ping_status":"closed","template":"elementor_canvas","meta":{"_acf_changed":false,"footnotes":""},"class_list":["post-1385","page","type-page","status-publish","hentry"],"acf":[],"_links":{"self":[{"href":"https:\/\/smartdisplay.com.ar\/pumaenergy\/wp-json\/wp\/v2\/pages\/1385","targetHints":{"allow":["GET"]}}],"collection":[{"href":"https:\/\/smartdisplay.com.ar\/pumaenergy\/wp-json\/wp\/v2\/pages"}],"about":[{"href":"https:\/\/smartdisplay.com.ar\/pumaenergy\/wp-json\/wp\/v2\/types\/page"}],"author":[{"embeddable":true,"href":"https:\/\/smartdisplay.com.ar\/pumaenergy\/wp-json\/wp\/v2\/users\/1"}],"replies":[{"embeddable":true,"href":"https:\/\/smartdisplay.com.ar\/pumaenergy\/wp-json\/wp\/v2\/comments?post=1385"}],"version-history":[{"count":61,"href":"https:\/\/smartdisplay.com.ar\/pumaenergy\/wp-json\/wp\/v2\/pages\/1385\/revisions"}],"predecessor-version":[{"id":11630,"href":"https:\/\/smartdisplay.com.ar\/pumaenergy\/wp-json\/wp\/v2\/pages\/1385\/revisions\/11630"}],"wp:attachment":[{"href":"https:\/\/smartdisplay.com.ar\/pumaenergy\/wp-json\/wp\/v2\/media?parent=1385"}],"curies":[{"name":"wp","href":"https:\/\/api.w.org\/{rel}","templated":true}]}}